{"id":9473,"date":"2023-12-19T12:12:56","date_gmt":"2023-12-19T11:12:56","guid":{"rendered":"https:\/\/fincas-segarra.com\/informacio-legal\/"},"modified":"2024-01-17T12:57:30","modified_gmt":"2024-01-17T11:57:30","slug":"informacio-legal","status":"publish","type":"page","link":"https:\/\/www.fincas-segarra.com\/ca\/informacio-legal\/","title":{"rendered":"Informaci\u00f3 legal"},"content":{"rendered":"<div class=\"fusion-fullwidth fullwidth-box fusion-builder-row-1 fusion-flex-container has-pattern-background has-mask-background nonhundred-percent-fullwidth non-hundred-percent-height-scrolling\" style=\"--awb-border-radius-top-left:0px;--awb-border-radius-top-right:0px;--awb-border-radius-bottom-right:0px;--awb-border-radius-bottom-left:0px;--awb-flex-wrap:wrap;\" ><div class=\"fusion-builder-row fusion-row fusion-flex-align-items-flex-start fusion-flex-content-wrap\" style=\"max-width:1248px;margin-left: calc(-4% \/ 2 );margin-right: calc(-4% \/ 2 );\"><div class=\"fusion-layout-column fusion_builder_column fusion-builder-column-0 fusion_builder_column_1_1 1_1 fusion-flex-column\" style=\"--awb-bg-size:cover;--awb-width-large:100%;--awb-margin-top-large:16px;--awb-spacing-right-large:1.92%;--awb-margin-bottom-large:16px;--awb-spacing-left-large:1.92%;--awb-width-medium:100%;--awb-order-medium:0;--awb-spacing-right-medium:1.92%;--awb-spacing-left-medium:1.92%;--awb-width-small:100%;--awb-order-small:0;--awb-spacing-right-small:1.92%;--awb-spacing-left-small:1.92%;\"><div class=\"fusion-column-wrapper fusion-column-has-shadow fusion-flex-justify-content-flex-start fusion-content-layout-column\"><div class=\"fusion-text fusion-text-1\"><p>AV\u00cdS LEGAL<\/p>\n<p>En compliment del que es disposa en la Llei org\u00e0nica de Protecci\u00f3 de Dades, la Llei 34\/2002 de Serveis de la Societat de la Informaci\u00f3 i de Comer\u00e7 Electr\u00f2nic, i el que es disposa en el Reglament (UE) 2016\/679 del Parlament Europeu i del Consell de 27 d&#8217;abril de 2016 (RGPD), l&#8217;informem que aquest lloc web \u00e9s propietat de Gestoria Segarra | Serveis immobiliaris i de gestoria, B64954886 D&#8217;IVA, d&#8217;ara endavant Finques Segarra, amb domicili social en Passeig Valldaura 218-220 1\u00ba3\u00aa 08042 Barcelona<\/p>\n<p>DEFINICIONS<\/p>\n<p>WEB: Domini posat a la disposici\u00f3 dels Usuaris d&#8217;Internet. Descriu el sistema d&#8217;acc\u00e9s a la informaci\u00f3 a trav\u00e9s d&#8217;Internet. P\u00e0gines dissenyades i publicades sota un nom de domini d&#8217;Internet que resultin de la informaci\u00f3 proporcionada pel titular a l&#8217;Usuari.<\/p>\n<p>USUARI: Persona f\u00edsica o jur\u00eddica que navega per la Web.<\/p>\n<p>CONTINGUT: Informaci\u00f3 i serveis que conformen la totalitat del domini que Finques Segarra posa a la disposici\u00f3 de l&#8217;Usuari. Inclou missatges, textos, gr\u00e0fics, fotografies, icones, logotips, enlla\u00e7os, programari, aparen\u00e7a, disseny gr\u00e0fic, i, en general, tota la informaci\u00f3 continguda en la Web.<\/p>\n<p>ENLLA\u00c7: T\u00e8cnica mitjan\u00e7ant la qual l&#8217;Usuari pot navegar per diferents p\u00e0gines de la Web, o d&#8217;Internet, amb un simple clic sobre el text, icona o bot\u00f3 indicatiu que cont\u00e9 l&#8217;enlla\u00e7.<\/p>\n<p>COOKIES: Mitjans t\u00e8cnics per al rastreig i seguiment de la navegaci\u00f3 en els llocs web, s\u00f3n petits arxius de text escrits en l&#8217;ordinador de l&#8217;Usuari. En tenir implicacions per a la privacitat, Finques Segarra informar\u00e0 deguda i oportunament a l&#8217;Usuari del seu \u00fas.<\/p>\n<p>\u00daS DE LA WEB<\/p>\n<p>L&#8217;acc\u00e9s i \u00fas d&#8217;aquest lloc web atribueix a la persona que el realitza la condici\u00f3 d&#8217;Usuari i queda condicionat a la pr\u00e8via lectura i acceptaci\u00f3 plena, expressa i incondicional de les presents condicions generals d&#8217;\u00fas en el moment de l&#8217;acc\u00e9s, que li preguem que llegeixi atentament. En accedir o utilitzar la Web, vost\u00e8 reconeix que ha llegit i compr\u00e8s, sense limitaci\u00f3 ni reserva, les presents condicions generals.<\/p>\n<p>A trav\u00e9s del nostre lloc web https:\/\/www.fincas-segarra.com\/, proporcionem informaci\u00f3 sobre Finques Segarra.<\/p>\n<p>COPYRIGHT<\/p>\n<p>Tots els continguts, textos i imatges d&#8217;aquest lloc web s\u00f3n propietat de Finques Segarra, incloent tots els continguts que, a t\u00edtol il\u00b7lustratiu, gr\u00e0fics, logotips, marques, dissenys industrials, icones, clips d&#8217;\u00e0udio o v\u00eddeo, recopilacions de dades, not\u00edcies, informaci\u00f3 i qualsevol altre signe, estiguin subjectes i protegits per drets de propietat intel\u00b7lectual a favor de Finques Segarra. Queda prohibida la reproducci\u00f3, distribuci\u00f3, transformaci\u00f3, total o parcial, sense l&#8217;autoritzaci\u00f3 expressa de Finques Segarra.<br \/>\nL&#8217;Usuari \u00fanicament t\u00e9 dret a un \u00fas privat d&#8217;aquests, necessitant autoritzaci\u00f3 expressa de Finques Segarra per a modificar-los, reproduir-los, explotar-los, distribuir-los, o qualsevol altre dret pertanyent al seu titular.<\/p>\n<p>No obstant l&#8217;anterior, es concedeixen a l&#8217;Usuari els drets d&#8217;acc\u00e9s, desc\u00e0rrega, impressi\u00f3, reproducci\u00f3 en qualsevol suport, aix\u00ed com l&#8217;\u00fas dels continguts de la Web als quals se li permeti l&#8217;acc\u00e9s, amb finalitats merament informatius.<\/p>\n<p>En el cas que consideri que s&#8217;est\u00e0 violant qualsevol normativa relativa als drets de propietat intel\u00b7lectual o altres drets en aquest lloc web, li preguem que ens el notifiqui amb l&#8217;objectiu de restablir l&#8217;ordre alterat, si s&#8217;ha produ\u00eft.<\/p>\n<p>CONTINGUT WEB<\/p>\n<p>El contingut d&#8217;aquest lloc web t\u00e9 com a finalitat informar i donar a con\u00e8ixer les activitats, productes i serveis prestats per Finques Segarra. Queda prohibit l&#8217;\u00fas dels continguts del lloc web per a promocionar, contractar o divulgar publicitat o informaci\u00f3 pr\u00f2pia o de tercers sense l&#8217;autoritzaci\u00f3 de Finques Segarra, ni remetre publicitat o informaci\u00f3 utilitzant els serveis o informaci\u00f3 posats a la disposici\u00f3 de l&#8217;Usuari a trav\u00e9s d&#8217;aquest lloc web.<\/p>\n<p>CONDICIONS D&#8217;ACC\u00c9S<\/p>\n<p>L&#8217;acc\u00e9s a la nostra web \u00e9s gratu\u00eft i no requereix pr\u00e8via subscripci\u00f3 o registre. L&#8217;Usuari haur\u00e0 d&#8217;accedir a la Web de bona fe i a les presents condicions generals d&#8217;\u00fas i accedir\u00e0 sota la seva pr\u00f2pia i exclusiva responsabilitat.<\/p>\n<p>Queda expressament prohibit a l&#8217;Usuari la utilitzaci\u00f3 i obtenci\u00f3 dels serveis i continguts oferts en aquest lloc web per a procediments diferents als estipulats en les condicions d&#8217;\u00fas.<\/p>\n<p>PROTECCI\u00d3 DE DADES PERSONALS<\/p>\n<p>Els Fitxers sota la nostra responsabilitat es troben degudament inscrits en el Registre General de Protecci\u00f3 de Dades. L&#8217;Usuari t\u00e9 dret en tot moment a accedir a aquesta informaci\u00f3, podent rectificar-la, cancel\u00b7lar-la o oposar-se adjuntant fotoc\u00f2pia del seu DNI o un altre document identificatiu, a l&#8217;adre\u00e7a: Passeig Valldaura 218-220 1\u00ba3\u00aa 08042 Barcelona<\/p>\n<p>.<\/p>\n<p>Per a con\u00e8ixer els detalls sobre els nostres processos de protecci\u00f3 de dades, pot consultar la nostra \u00abPol\u00edtica de Privacitat\u00bb en aquest lloc web.<\/p>\n<p>COOKIES<\/p>\n<p>L&#8217;informem que podr\u00edem utilitzar \u00abcookies\u00bb per a personalitzar la publicitat i el contingut que veu durant la navegaci\u00f3, satisfer les seves demandes sobre productes i serveis, i informar-lo sobre promocions i nous productes, per a perfilar i millorar la nostra relaci\u00f3 amb l&#8217;Usuari, per a fidelizarlo, i per a fins de seguiment estad\u00edstic. L&#8217;Usuari t\u00e9 la possibilitat de configurar el seu navegador per a ser avisat de la recepci\u00f3 o, si \u00e9s el cas, rebuig de la recepci\u00f3 de \u00abcookies\u00bb en el seu disc dur, consultant les instruccions i manuals del seu navegador per a m\u00e9s informaci\u00f3 sobre aquest tema.<\/p>\n<p>L&#8217;\u00fas de cookies en el nostre lloc web t\u00e9 com a \u00fanica finalitat interrelacionar dades a trav\u00e9s de diferents formularis de sol\u00b7licitud de dades.<\/p>\n<p>RESPONSABILITATS<\/p>\n<p>En posar a la disposici\u00f3 de l&#8217;Usuari la nostra p\u00e0gina web, intentem oferir continguts i serveis de qualitat, emprant la m\u00e0xima dilig\u00e8ncia no sols en la prestaci\u00f3 dels mateixos sin\u00f3 tamb\u00e9 en els mitjans tecnol\u00f2gics utilitzats. No obstant aix\u00f2, no serem responsables de la pres\u00e8ncia de virus o qualsevol altre element que pugui danyar el sistema inform\u00e0tic, els documents i els arxius de l&#8217;Usuari.<\/p>\n<p>Finques Segarra no garanteix el correcte funcionament quant a la disponibilitat i continu\u00eftat del seu lloc web. En la mesura que sigui possible, intentarem informar l&#8217;Usuari de qualsevol interrupci\u00f3 en el servei, esmenant-la com m\u00e9s aviat millor. No obstant aix\u00f2, quedem exempts de qualsevol responsabilitat derivada de l&#8217;incorrecte funcionament o interrupcions del lloc web.<\/p>\n<p>Tot el relacionat amb aquest lloc web es regeix exclusivament per les lleis espanyoles.<\/p>\n<p>POL\u00cdTICA ANTI-SPAM Els usuaris que rebin comunicacions, informaci\u00f3, publicitat electr\u00f2nica de Finques Segarra la reben mitjan\u00e7ant sol\u00b7licitud d&#8217;informaci\u00f3, per qualsevol mitj\u00e0 (tradicional o electr\u00f2nic) sobre els seus productes i serveis. Si NO desitja que Finques Segarra utilitzi les seves dades per a facilitar informaci\u00f3 sobre les seves ofertes, Passeig Valldaura 218-220 1\u00ba3\u00aa 08042 Barcelona, o a trav\u00e9s del correu electr\u00f2nic <a href=\"mailto:info@gestoriasegarra.es\">info@fincas-segarra.com<\/a><\/p>\n<p>ATENCI\u00d3<\/p>\n<p>Les presents condicions generals d&#8217;\u00fas han estat establertes per Finques Segarra. Podem procedir a modificar-les en qualsevol moment, comprova la data d&#8217;emissi\u00f3 cada vegada que et connectis a la nostra web i obtindr\u00e0s la certesa que no s&#8217;ha produ\u00eft cap modificaci\u00f3 que t&#8217;afecti. Per a qualsevol aclariment sobre les condicions d&#8217;\u00fas del nostre lloc web, pot posar-se en contacte amb nosaltres a trav\u00e9s de l&#8217;adre\u00e7a de correu electr\u00f2nic <a href=\"mailto:info@gestoriasegarra.es\">info@fincas-segarra.com<\/a>.<\/p>\n<\/div><\/div><\/div><\/div><\/div>\n","protected":false},"excerpt":{"rendered":"","protected":false},"author":1,"featured_media":0,"parent":0,"menu_order":0,"comment_status":"closed","ping_status":"closed","template":"","meta":{"footnotes":""},"class_list":["post-9473","page","type-page","status-publish","hentry"],"yoast_head":"<!-- This site is optimized with the Yoast SEO plugin v27.5 - https:\/\/yoast.com\/product\/yoast-seo-wordpress\/ -->\n<title>Informaci\u00f3 legal - Fincas Segarra<\/title>\n<meta name=\"robots\" content=\"index, follow, max-snippet:-1, max-image-preview:large, max-video-preview:-1\" \/>\n<link rel=\"canonical\" href=\"https:\/\/www.fincas-segarra.com\/ca\/informacio-legal\/\" \/>\n<meta property=\"og:locale\" content=\"ca_ES\" \/>\n<meta property=\"og:type\" content=\"article\" \/>\n<meta property=\"og:title\" content=\"Informaci\u00f3 legal - Fincas Segarra\" \/>\n<meta property=\"og:url\" content=\"https:\/\/www.fincas-segarra.com\/ca\/informacio-legal\/\" \/>\n<meta property=\"og:site_name\" content=\"Fincas Segarra\" \/>\n<meta property=\"article:modified_time\" content=\"2024-01-17T11:57:30+00:00\" \/>\n<meta name=\"twitter:card\" content=\"summary_large_image\" \/>\n<meta name=\"twitter:label1\" content=\"Temps estimat de lectura\" \/>\n\t<meta name=\"twitter:data1\" content=\"11 minuts\" \/>\n<script type=\"application\/ld+json\" class=\"yoast-schema-graph\">{\"@context\":\"https:\\\/\\\/schema.org\",\"@graph\":[{\"@type\":\"WebPage\",\"@id\":\"https:\\\/\\\/www.fincas-segarra.com\\\/ca\\\/informacio-legal\\\/\",\"url\":\"https:\\\/\\\/www.fincas-segarra.com\\\/ca\\\/informacio-legal\\\/\",\"name\":\"Informaci\u00f3 legal - Fincas Segarra\",\"isPartOf\":{\"@id\":\"https:\\\/\\\/www.fincas-segarra.com\\\/#website\"},\"datePublished\":\"2023-12-19T11:12:56+00:00\",\"dateModified\":\"2024-01-17T11:57:30+00:00\",\"breadcrumb\":{\"@id\":\"https:\\\/\\\/www.fincas-segarra.com\\\/ca\\\/informacio-legal\\\/#breadcrumb\"},\"inLanguage\":\"ca\",\"potentialAction\":[{\"@type\":\"ReadAction\",\"target\":[\"https:\\\/\\\/www.fincas-segarra.com\\\/ca\\\/informacio-legal\\\/\"]}]},{\"@type\":\"BreadcrumbList\",\"@id\":\"https:\\\/\\\/www.fincas-segarra.com\\\/ca\\\/informacio-legal\\\/#breadcrumb\",\"itemListElement\":[{\"@type\":\"ListItem\",\"position\":1,\"name\":\"Portada\",\"item\":\"https:\\\/\\\/www.fincas-segarra.com\\\/ca\\\/inici\\\/\"},{\"@type\":\"ListItem\",\"position\":2,\"name\":\"Informaci\u00f3 legal\"}]},{\"@type\":\"WebSite\",\"@id\":\"https:\\\/\\\/www.fincas-segarra.com\\\/#website\",\"url\":\"https:\\\/\\\/www.fincas-segarra.com\\\/\",\"name\":\"Fincas Segarra\",\"description\":\"Servicios inmobiliarios\",\"potentialAction\":[{\"@type\":\"SearchAction\",\"target\":{\"@type\":\"EntryPoint\",\"urlTemplate\":\"https:\\\/\\\/www.fincas-segarra.com\\\/?s={search_term_string}\"},\"query-input\":{\"@type\":\"PropertyValueSpecification\",\"valueRequired\":true,\"valueName\":\"search_term_string\"}}],\"inLanguage\":\"ca\"}]}<\/script>\n<!-- \/ Yoast SEO plugin. -->","yoast_head_json":{"title":"Informaci\u00f3 legal - Fincas Segarra","robots":{"index":"index","follow":"follow","max-snippet":"max-snippet:-1","max-image-preview":"max-image-preview:large","max-video-preview":"max-video-preview:-1"},"canonical":"https:\/\/www.fincas-segarra.com\/ca\/informacio-legal\/","og_locale":"ca_ES","og_type":"article","og_title":"Informaci\u00f3 legal - Fincas Segarra","og_url":"https:\/\/www.fincas-segarra.com\/ca\/informacio-legal\/","og_site_name":"Fincas Segarra","article_modified_time":"2024-01-17T11:57:30+00:00","twitter_card":"summary_large_image","twitter_misc":{"Temps estimat de lectura":"11 minuts"},"schema":{"@context":"https:\/\/schema.org","@graph":[{"@type":"WebPage","@id":"https:\/\/www.fincas-segarra.com\/ca\/informacio-legal\/","url":"https:\/\/www.fincas-segarra.com\/ca\/informacio-legal\/","name":"Informaci\u00f3 legal - Fincas Segarra","isPartOf":{"@id":"https:\/\/www.fincas-segarra.com\/#website"},"datePublished":"2023-12-19T11:12:56+00:00","dateModified":"2024-01-17T11:57:30+00:00","breadcrumb":{"@id":"https:\/\/www.fincas-segarra.com\/ca\/informacio-legal\/#breadcrumb"},"inLanguage":"ca","potentialAction":[{"@type":"ReadAction","target":["https:\/\/www.fincas-segarra.com\/ca\/informacio-legal\/"]}]},{"@type":"BreadcrumbList","@id":"https:\/\/www.fincas-segarra.com\/ca\/informacio-legal\/#breadcrumb","itemListElement":[{"@type":"ListItem","position":1,"name":"Portada","item":"https:\/\/www.fincas-segarra.com\/ca\/inici\/"},{"@type":"ListItem","position":2,"name":"Informaci\u00f3 legal"}]},{"@type":"WebSite","@id":"https:\/\/www.fincas-segarra.com\/#website","url":"https:\/\/www.fincas-segarra.com\/","name":"Fincas Segarra","description":"Servicios inmobiliarios","potentialAction":[{"@type":"SearchAction","target":{"@type":"EntryPoint","urlTemplate":"https:\/\/www.fincas-segarra.com\/?s={search_term_string}"},"query-input":{"@type":"PropertyValueSpecification","valueRequired":true,"valueName":"search_term_string"}}],"inLanguage":"ca"}]}},"_links":{"self":[{"href":"https:\/\/www.fincas-segarra.com\/ca\/wp-json\/wp\/v2\/pages\/9473","targetHints":{"allow":["GET"]}}],"collection":[{"href":"https:\/\/www.fincas-segarra.com\/ca\/wp-json\/wp\/v2\/pages"}],"about":[{"href":"https:\/\/www.fincas-segarra.com\/ca\/wp-json\/wp\/v2\/types\/page"}],"author":[{"embeddable":true,"href":"https:\/\/www.fincas-segarra.com\/ca\/wp-json\/wp\/v2\/users\/1"}],"replies":[{"embeddable":true,"href":"https:\/\/www.fincas-segarra.com\/ca\/wp-json\/wp\/v2\/comments?post=9473"}],"version-history":[{"count":2,"href":"https:\/\/www.fincas-segarra.com\/ca\/wp-json\/wp\/v2\/pages\/9473\/revisions"}],"predecessor-version":[{"id":9475,"href":"https:\/\/www.fincas-segarra.com\/ca\/wp-json\/wp\/v2\/pages\/9473\/revisions\/9475"}],"wp:attachment":[{"href":"https:\/\/www.fincas-segarra.com\/ca\/wp-json\/wp\/v2\/media?parent=9473"}],"curies":[{"name":"wp","href":"https:\/\/api.w.org\/{rel}","templated":true}]}}