{"id":9466,"date":"2023-11-23T11:43:30","date_gmt":"2023-11-23T10:43:30","guid":{"rendered":"https:\/\/fincas-segarra.com\/accessibilitat\/"},"modified":"2024-01-17T11:57:52","modified_gmt":"2024-01-17T10:57:52","slug":"accessibilitat","status":"publish","type":"page","link":"https:\/\/www.fincas-segarra.com\/ca\/accessibilitat\/","title":{"rendered":"Accessibilitat"},"content":{"rendered":"<div class=\"fusion-fullwidth fullwidth-box fusion-builder-row-1 fusion-flex-container has-pattern-background has-mask-background nonhundred-percent-fullwidth non-hundred-percent-height-scrolling fusion-custom-z-index\" style=\"--awb-border-radius-top-left:0px;--awb-border-radius-top-right:0px;--awb-border-radius-bottom-right:0px;--awb-border-radius-bottom-left:0px;--awb-z-index:1;--awb-flex-wrap:wrap;\" ><div class=\"fusion-builder-row fusion-row fusion-flex-align-items-flex-start fusion-flex-content-wrap\" style=\"max-width:1248px;margin-left: calc(-4% \/ 2 );margin-right: calc(-4% \/ 2 );\"><div class=\"fusion-layout-column fusion_builder_column fusion-builder-column-0 fusion_builder_column_1_1 1_1 fusion-flex-column\" style=\"--awb-bg-size:cover;--awb-width-large:100%;--awb-margin-top-large:20px;--awb-spacing-right-large:1.92%;--awb-margin-bottom-large:0px;--awb-spacing-left-large:1.92%;--awb-width-medium:100%;--awb-order-medium:0;--awb-spacing-right-medium:1.92%;--awb-spacing-left-medium:1.92%;--awb-width-small:100%;--awb-order-small:0;--awb-spacing-right-small:1.92%;--awb-spacing-left-small:1.92%;\" data-scroll-devices=\"small-visibility,medium-visibility,large-visibility\"><div class=\"fusion-column-wrapper fusion-column-has-shadow fusion-flex-justify-content-flex-start fusion-content-layout-column\"><div class=\"fusion-text fusion-text-1\"><p><strong>Declaraci\u00f3 d&#8217;accessibilitat<\/strong><\/p>\n<p>Aquesta declaraci\u00f3 d&#8217;accessibilitat s&#8217;aplica al lloc web <a href=\"https:\/\/www.fincas-segarra.com\" target=\"_new\" rel=\"noopener\">https:\/\/www.fincas-segarra.com:<\/a><\/p>\n<p><strong>Estat de compliment:<\/strong> Aquest lloc web compleix parcialment amb l&#8217;RD 1112\/2018 a causa de les excepcions i incompliments que es detallen a continuaci\u00f3.<\/p>\n<p><strong>Non-Accessible Content: The content listed below is not accessible due to the following reasons:<\/strong><\/p>\n<p>Incompliment del RD 1112\/2018: Pot haver-hi errors puntuals de codi en determinades p\u00e0gines web (4.1.1 Tractament).<\/p>\n<p>C\u00e0rrega desproporcionada: No aplica.<\/p>\n<p>Contingut fora de l&#8217;\u00e0mbit de la legislaci\u00f3 aplicable: No aplicable.<\/p>\n<p><strong>Preparaci\u00f3 d&#8217;aquesta Declaraci\u00f3 d&#8217;Accessibilitat: Aquesta declaraci\u00f3 es va preparar el 6 de juny de 2023.<\/strong><\/p>\n<p>El m\u00e8tode utilitzat per a preparar la declaraci\u00f3 va ser una autoavaluaci\u00f3 realitzada per l&#8217;equip de desenvolupament del lloc web.<\/p>\n<p><strong>Observacions i informaci\u00f3 de contacte: Pot comunicar els requisits d&#8217;accessibilitat (article 10.2.a de l&#8217;RD 1112\/2018) mitjan\u00e7ant:<\/strong><\/p>\n<p>Informar de qualsevol possible incompliment per part d&#8217;aquest lloc web. Transmetre altres dificultats d&#8217;acc\u00e9s. Realitzar qualsevol altra consulta o suggeriment de millora relacionada amb l&#8217;accessibilitat del lloc web a trav\u00e9s del formulari de contacte del lloc web o cridant al (+34) <a href=\"callto:933505976\">933505976<\/a>.<\/p>\n<p>Pot presentar:<\/p>\n<p>Una queixa sobre el compliment dels requisits del RD 1112\/2018 o una Sol\u00b7licitud d&#8217;Informaci\u00f3 Accessible en relaci\u00f3 amb: Contingut excl\u00f2s de l&#8217;\u00e0mbit d&#8217;aplicaci\u00f3 del RD 1112\/2018 segons l&#8217;article 3, secci\u00f3 4. Continguts exempts del compliment dels requisits d&#8217;accessibilitat per imposar una c\u00e0rrega desproporcionada.<\/p>\n<p>En la Sol\u00b7licitud d&#8217;Informaci\u00f3 Accessible, ha d&#8217;especificar clarament els fets, les raons i la sol\u00b7licitud per a demostrar que es tracta d&#8217;una sol\u00b7licitud raonable i leg\u00edtima.<\/p>\n<p>Les queixes i reclamacions sobre informaci\u00f3 accessible es gestionaran per correu electr\u00f2nic i seran rebudes i processades per l&#8217;equip de desenvolupament del lloc web.<\/p>\n<p><strong>Procediment de sol\u00b7licitud: Si una sol\u00b7licitud d&#8217;informaci\u00f3 accessible o una queixa ha estat rebutjada, si hi ha desacord amb la decisi\u00f3, o si la resposta no compleix amb els requisits establerts en l&#8217;article 12.5, la persona interessada pot iniciar una queixa.<\/strong> Tamb\u00e9 es pot iniciar una queixa si han passat vint dies h\u00e0bils sense rebre resposta.<\/p>\n<p><strong>Contingut opcional: Aquest portal est\u00e0 dissenyat per a permetre canvis en la grand\u00e0ria, el color i el fons del text a trav\u00e9s de la configuraci\u00f3 est\u00e0ndard del navegador.<\/strong><\/p>\n<p>Si desitja canviar la grand\u00e0ria del text en els principals navegadors gr\u00e0fics, utilitzi els seg\u00fcents men\u00fas:<\/p>\n<p>Internet Explorer, Mozilla i Firefox: Veure &gt; grand\u00e0ria del text Opera: Veure &gt;Zoom Safari: Veure &gt;engrandir el text Chrome: Controlar la p\u00e0gina actual &gt;Grand\u00e0ria del text Per a modificar la grand\u00e0ria de tot el que hi ha en la p\u00e0gina: Ctrl + + per a augmentar Ctrl + \u2013 per a disminuir Ctrl + 0 restaura la grand\u00e0ria del text original<\/p>\n<p>Si desitja anul\u00b7lar la fulla d&#8217;estil o canviar el color del text, consulti la p\u00e0gina Com canviar la grand\u00e0ria o els colors del text de la WAI, que es pot llegir en espanyol en Com canviar la grand\u00e0ria del text o colors?<\/p>\n<\/div><\/div><\/div><\/div><\/div>\n","protected":false},"excerpt":{"rendered":"","protected":false},"author":1,"featured_media":0,"parent":0,"menu_order":0,"comment_status":"closed","ping_status":"closed","template":"","meta":{"footnotes":""},"class_list":["post-9466","page","type-page","status-publish","hentry"],"yoast_head":"<!-- This site is optimized with the Yoast SEO plugin v27.5 - https:\/\/yoast.com\/product\/yoast-seo-wordpress\/ -->\n<title>Accessibilitat - Fincas Segarra<\/title>\n<meta name=\"robots\" content=\"index, follow, max-snippet:-1, max-image-preview:large, max-video-preview:-1\" \/>\n<link rel=\"canonical\" href=\"https:\/\/www.fincas-segarra.com\/ca\/accessibilitat\/\" \/>\n<meta property=\"og:locale\" content=\"ca_ES\" \/>\n<meta property=\"og:type\" content=\"article\" \/>\n<meta property=\"og:title\" content=\"Accessibilitat - Fincas Segarra\" \/>\n<meta property=\"og:url\" content=\"https:\/\/www.fincas-segarra.com\/ca\/accessibilitat\/\" \/>\n<meta property=\"og:site_name\" content=\"Fincas Segarra\" \/>\n<meta property=\"article:modified_time\" content=\"2024-01-17T10:57:52+00:00\" \/>\n<meta name=\"twitter:card\" content=\"summary_large_image\" \/>\n<meta name=\"twitter:label1\" content=\"Temps estimat de lectura\" \/>\n\t<meta name=\"twitter:data1\" content=\"8 minuts\" \/>\n<script type=\"application\/ld+json\" class=\"yoast-schema-graph\">{\"@context\":\"https:\\\/\\\/schema.org\",\"@graph\":[{\"@type\":\"WebPage\",\"@id\":\"https:\\\/\\\/www.fincas-segarra.com\\\/ca\\\/accessibilitat\\\/\",\"url\":\"https:\\\/\\\/www.fincas-segarra.com\\\/ca\\\/accessibilitat\\\/\",\"name\":\"Accessibilitat - Fincas Segarra\",\"isPartOf\":{\"@id\":\"https:\\\/\\\/www.fincas-segarra.com\\\/#website\"},\"datePublished\":\"2023-11-23T10:43:30+00:00\",\"dateModified\":\"2024-01-17T10:57:52+00:00\",\"breadcrumb\":{\"@id\":\"https:\\\/\\\/www.fincas-segarra.com\\\/ca\\\/accessibilitat\\\/#breadcrumb\"},\"inLanguage\":\"ca\",\"potentialAction\":[{\"@type\":\"ReadAction\",\"target\":[\"https:\\\/\\\/www.fincas-segarra.com\\\/ca\\\/accessibilitat\\\/\"]}]},{\"@type\":\"BreadcrumbList\",\"@id\":\"https:\\\/\\\/www.fincas-segarra.com\\\/ca\\\/accessibilitat\\\/#breadcrumb\",\"itemListElement\":[{\"@type\":\"ListItem\",\"position\":1,\"name\":\"Portada\",\"item\":\"https:\\\/\\\/www.fincas-segarra.com\\\/ca\\\/inici\\\/\"},{\"@type\":\"ListItem\",\"position\":2,\"name\":\"Accessibilitat\"}]},{\"@type\":\"WebSite\",\"@id\":\"https:\\\/\\\/www.fincas-segarra.com\\\/#website\",\"url\":\"https:\\\/\\\/www.fincas-segarra.com\\\/\",\"name\":\"Fincas Segarra\",\"description\":\"Servicios inmobiliarios\",\"potentialAction\":[{\"@type\":\"SearchAction\",\"target\":{\"@type\":\"EntryPoint\",\"urlTemplate\":\"https:\\\/\\\/www.fincas-segarra.com\\\/?s={search_term_string}\"},\"query-input\":{\"@type\":\"PropertyValueSpecification\",\"valueRequired\":true,\"valueName\":\"search_term_string\"}}],\"inLanguage\":\"ca\"}]}<\/script>\n<!-- \/ Yoast SEO plugin. -->","yoast_head_json":{"title":"Accessibilitat - Fincas Segarra","robots":{"index":"index","follow":"follow","max-snippet":"max-snippet:-1","max-image-preview":"max-image-preview:large","max-video-preview":"max-video-preview:-1"},"canonical":"https:\/\/www.fincas-segarra.com\/ca\/accessibilitat\/","og_locale":"ca_ES","og_type":"article","og_title":"Accessibilitat - Fincas Segarra","og_url":"https:\/\/www.fincas-segarra.com\/ca\/accessibilitat\/","og_site_name":"Fincas Segarra","article_modified_time":"2024-01-17T10:57:52+00:00","twitter_card":"summary_large_image","twitter_misc":{"Temps estimat de lectura":"8 minuts"},"schema":{"@context":"https:\/\/schema.org","@graph":[{"@type":"WebPage","@id":"https:\/\/www.fincas-segarra.com\/ca\/accessibilitat\/","url":"https:\/\/www.fincas-segarra.com\/ca\/accessibilitat\/","name":"Accessibilitat - Fincas Segarra","isPartOf":{"@id":"https:\/\/www.fincas-segarra.com\/#website"},"datePublished":"2023-11-23T10:43:30+00:00","dateModified":"2024-01-17T10:57:52+00:00","breadcrumb":{"@id":"https:\/\/www.fincas-segarra.com\/ca\/accessibilitat\/#breadcrumb"},"inLanguage":"ca","potentialAction":[{"@type":"ReadAction","target":["https:\/\/www.fincas-segarra.com\/ca\/accessibilitat\/"]}]},{"@type":"BreadcrumbList","@id":"https:\/\/www.fincas-segarra.com\/ca\/accessibilitat\/#breadcrumb","itemListElement":[{"@type":"ListItem","position":1,"name":"Portada","item":"https:\/\/www.fincas-segarra.com\/ca\/inici\/"},{"@type":"ListItem","position":2,"name":"Accessibilitat"}]},{"@type":"WebSite","@id":"https:\/\/www.fincas-segarra.com\/#website","url":"https:\/\/www.fincas-segarra.com\/","name":"Fincas Segarra","description":"Servicios inmobiliarios","potentialAction":[{"@type":"SearchAction","target":{"@type":"EntryPoint","urlTemplate":"https:\/\/www.fincas-segarra.com\/?s={search_term_string}"},"query-input":{"@type":"PropertyValueSpecification","valueRequired":true,"valueName":"search_term_string"}}],"inLanguage":"ca"}]}},"_links":{"self":[{"href":"https:\/\/www.fincas-segarra.com\/ca\/wp-json\/wp\/v2\/pages\/9466","targetHints":{"allow":["GET"]}}],"collection":[{"href":"https:\/\/www.fincas-segarra.com\/ca\/wp-json\/wp\/v2\/pages"}],"about":[{"href":"https:\/\/www.fincas-segarra.com\/ca\/wp-json\/wp\/v2\/types\/page"}],"author":[{"embeddable":true,"href":"https:\/\/www.fincas-segarra.com\/ca\/wp-json\/wp\/v2\/users\/1"}],"replies":[{"embeddable":true,"href":"https:\/\/www.fincas-segarra.com\/ca\/wp-json\/wp\/v2\/comments?post=9466"}],"version-history":[{"count":2,"href":"https:\/\/www.fincas-segarra.com\/ca\/wp-json\/wp\/v2\/pages\/9466\/revisions"}],"predecessor-version":[{"id":9468,"href":"https:\/\/www.fincas-segarra.com\/ca\/wp-json\/wp\/v2\/pages\/9466\/revisions\/9468"}],"wp:attachment":[{"href":"https:\/\/www.fincas-segarra.com\/ca\/wp-json\/wp\/v2\/media?parent=9466"}],"curies":[{"name":"wp","href":"https:\/\/api.w.org\/{rel}","templated":true}]}}